{"id":11129,"date":"2021-02-06T20:20:24","date_gmt":"2021-02-06T19:20:24","guid":{"rendered":"https:\/\/mifune.nl\/buch-kitesurflektion\/"},"modified":"2024-02-05T10:48:52","modified_gmt":"2024-02-05T09:48:52","slug":"buch-kitesurflektion","status":"publish","type":"page","link":"https:\/\/mifune.nl\/de\/buch-kitesurflektion\/","title":{"rendered":"Buch Kitesurflektion"},"content":{"rendered":"<p>[et_pb_section fb_built=&#8220;1&#8243; _builder_version=&#8220;4.16&#8243; global_colors_info=&#8220;{}&#8220;][et_pb_row _builder_version=&#8220;4.16&#8243; background_size=&#8220;initial&#8220; background_position=&#8220;top_left&#8220; background_repeat=&#8220;repeat&#8220; global_colors_info=&#8220;{}&#8220;][et_pb_column type=&#8220;4_4&#8243; _builder_version=&#8220;4.16&#8243; custom_padding=&#8220;|||&#8220; global_colors_info=&#8220;{}&#8220; custom_padding__hover=&#8220;|||&#8220;][et_pb_text _builder_version=&#8220;4.24.0&#8243; hover_enabled=&#8220;0&#8243; global_colors_info=&#8220;{}&#8220; sticky_enabled=&#8220;0&#8243;]<\/p>\n<h1 style=\"text-align: center;\">Buchung<\/h1>\n<h1 style=\"text-align: center;\"><em>Dein Kitesurfing-Abenteuer beginnt hier!<\/em><\/h1>\n<p>[\/et_pb_text][\/et_pb_column][\/et_pb_row][et_pb_row column_structure=&#8220;1_3,1_3,1_3&#8243; make_equal=&#8220;on&#8220; _builder_version=&#8220;4.16&#8243; global_colors_info=&#8220;{}&#8220;][et_pb_column type=&#8220;1_3&#8243; _builder_version=&#8220;4.16&#8243; custom_padding=&#8220;|||&#8220; global_colors_info=&#8220;{}&#8220; custom_padding__hover=&#8220;|||&#8220;][et_pb_text module_class=&#8220;ronderand&#8220; _builder_version=&#8220;4.24.0&#8243; hover_enabled=&#8220;0&#8243; global_colors_info=&#8220;{}&#8220; sticky_enabled=&#8220;0&#8243;]<\/p>\n<h1>Was passiert, wenn ich meine Buchung unten online vornehme?<\/h1>\n<p>Sie werden zu Ihrer Online-Agenda f\u00fcr den Unterricht weitergeleitet. Hier k\u00f6nnen Sie ganz einfach Ihren Unterricht planen. 90% aller Termine, die Sie buchen m\u00f6chten, sind noch frei.<br \/>Nach Ihrer Buchung erhalten Sie eine E-Mail mit allen Informationen, die Sie f\u00fcr Ihre Unterrichtsstunde ben\u00f6tigen.<\/p>\n<p>&nbsp;<\/p>\n<p>[\/et_pb_text][\/et_pb_column][et_pb_column type=&#8220;1_3&#8243; _builder_version=&#8220;4.16&#8243; custom_padding=&#8220;|||&#8220; global_colors_info=&#8220;{}&#8220; custom_padding__hover=&#8220;|||&#8220;][et_pb_text module_class=&#8220;ronderand&#8220; _builder_version=&#8220;4.24.0&#8243; hover_enabled=&#8220;0&#8243; global_colors_info=&#8220;{}&#8220; sticky_enabled=&#8220;0&#8243;]<\/p>\n<h2>Muss ich sofort bezahlen?<\/h2>\n<p>Die Zahlung ist optional, nachdem Sie Ihre Daten eingegeben haben. Sie k\u00f6nnen im Voraus mit iDeal, SOFORT oder per Kreditkarte bezahlen. Sie k\u00f6nnen auch am Tag selbst bezahlen.<\/p>\n<p><strong>Die Preise beinhalten:<\/strong><br \/>Alle notwendigen Materialien<br \/>Zertifizierter Ausbilder<br \/>Zertifizierung (nach dem Kurs)<br \/>Nutzung der Mifune-Einrichtungen<\/p>\n<p>&nbsp;<\/p>\n<p>[\/et_pb_text][\/et_pb_column][et_pb_column type=&#8220;1_3&#8243; _builder_version=&#8220;4.16&#8243; custom_padding=&#8220;|||&#8220; global_colors_info=&#8220;{}&#8220; custom_padding__hover=&#8220;|||&#8220;][et_pb_text module_class=&#8220;ronderand&#8220; _builder_version=&#8220;4.24.0&#8243; hover_enabled=&#8220;0&#8243; global_colors_info=&#8220;{}&#8220; admin_label=&#8220;Text&#8220; sticky_enabled=&#8220;0&#8243;]<\/p>\n<h2>Fragen zur Buchung?<\/h2>\n<p>Senden Sie eine E-Mail an:\u00a0<a href=\"mailto:watersports@mifune.nl\">watersports@mifune.nl<\/a><\/p>\n<p>[\/et_pb_text][\/et_pb_column][\/et_pb_row][et_pb_row _builder_version=&#8220;4.16&#8243; background_size=&#8220;initial&#8220; background_position=&#8220;top_left&#8220; background_repeat=&#8220;repeat&#8220; global_colors_info=&#8220;{}&#8220;][et_pb_column type=&#8220;4_4&#8243; _builder_version=&#8220;4.16&#8243; custom_padding=&#8220;|||&#8220; global_colors_info=&#8220;{}&#8220; custom_padding__hover=&#8220;|||&#8220;][et_pb_code _builder_version=&#8220;4.16&#8243; global_colors_info=&#8220;{}&#8220;]<script type=\"text\/javascript\" src=\"https:\/\/Mifune.viking.beerntea.com\/de\/widget.js?form=3\"><\/script>[\/et_pb_code][\/et_pb_column][\/et_pb_row][\/et_pb_section]<\/p>\n","protected":false},"excerpt":{"rendered":"<p>Buchung Dein Kitesurfing-Abenteuer beginnt hier!Was passiert, wenn ich meine Buchung unten online vornehme? Sie werden zu Ihrer Online-Agenda f\u00fcr den Unterricht weitergeleitet. Hier k\u00f6nnen Sie ganz einfach Ihren Unterricht planen. 90% aller Termine, die Sie buchen m\u00f6chten, sind noch frei.Nach Ihrer Buchung erhalten Sie eine E-Mail mit allen Informationen, die Sie f\u00fcr Ihre Unterrichtsstunde ben\u00f6tigen. [&hellip;]<\/p>\n","protected":false},"author":6,"featured_media":0,"parent":0,"menu_order":35,"comment_status":"closed","ping_status":"closed","template":"","meta":{"_et_pb_use_builder":"on","_et_pb_old_content":"","_et_gb_content_width":"","_monsterinsights_skip_tracking":false,"_monsterinsights_sitenote_active":false,"_monsterinsights_sitenote_note":"","_monsterinsights_sitenote_category":0,"footnotes":""},"class_list":["post-11129","page","type-page","status-publish","hentry"],"_links":{"self":[{"href":"https:\/\/mifune.nl\/de\/wp-json\/wp\/v2\/pages\/11129","targetHints":{"allow":["GET"]}}],"collection":[{"href":"https:\/\/mifune.nl\/de\/wp-json\/wp\/v2\/pages"}],"about":[{"href":"https:\/\/mifune.nl\/de\/wp-json\/wp\/v2\/types\/page"}],"author":[{"embeddable":true,"href":"https:\/\/mifune.nl\/de\/wp-json\/wp\/v2\/users\/6"}],"replies":[{"embeddable":true,"href":"https:\/\/mifune.nl\/de\/wp-json\/wp\/v2\/comments?post=11129"}],"version-history":[{"count":15,"href":"https:\/\/mifune.nl\/de\/wp-json\/wp\/v2\/pages\/11129\/revisions"}],"predecessor-version":[{"id":12612,"href":"https:\/\/mifune.nl\/de\/wp-json\/wp\/v2\/pages\/11129\/revisions\/12612"}],"wp:attachment":[{"href":"https:\/\/mifune.nl\/de\/wp-json\/wp\/v2\/media?parent=11129"}],"curies":[{"name":"wp","href":"https:\/\/api.w.org\/{rel}","templated":true}]}}